{"id":1308,"date":"2024-09-20T17:46:04","date_gmt":"2024-09-20T17:46:04","guid":{"rendered":"https:\/\/recipesepic.com\/?page_id=1308"},"modified":"2025-03-30T07:55:16","modified_gmt":"2025-03-30T07:55:16","slug":"terms-conditions","status":"publish","type":"page","link":"https:\/\/recettes.evsroad.com\/?page_id=1308","title":{"rendered":"Conditions d&rsquo;Utilisation"},"content":{"rendered":"\n<p><strong>Conditions d&rsquo;Utilisation &#8211; Recettes EVSRoad<\/strong><\/p>\n\n\n\n<p><strong>Document mis \u00e0 jour le 19 septembre 2024<\/strong><\/p>\n\n\n\n<p>Veuillez lire attentivement ce document, car il contient les conditions g\u00e9n\u00e9rales r\u00e9gissant l&rsquo;utilisation des services de Recettes EVSRoad. En utilisant nos fonctionnalit\u00e9s, vous acceptez ces conditions et vous vous engagez \u00e0 les respecter.<\/p>\n\n\n\n<h3 class=\"wp-block-heading\"><strong>Conditions d&rsquo;Utilisation :<\/strong><\/h3>\n\n\n\n<p>En utilisant nos services, vous acceptez les termes suivants :<\/p>\n\n\n\n<p><strong>Premi\u00e8rement :<\/strong><br>Notre&nbsp;<strong>Politique de Confidentialit\u00e9<\/strong>&nbsp;et nos conditions d&rsquo;utilisation peuvent \u00eatre modifi\u00e9es. La date de mise \u00e0 jour sera indiqu\u00e9e en haut de ce document.<\/p>\n\n\n\n<p><strong>Deuxi\u00e8mement :<\/strong><br>Vous acceptez de voir des publicit\u00e9s affich\u00e9es dans nos services.<\/p>\n\n\n\n<p><strong>Troisi\u00e8mement :<\/strong><br>Vous confirmez t\u00e9l\u00e9charger nos applications Android&nbsp;<strong>uniquement depuis le Google Play Store<\/strong>.<\/p>\n\n\n\n<p><strong>Quatri\u00e8mement :<\/strong><br>Vous vous engagez \u00e0 ne pas publier de commentaires inappropri\u00e9s, offensants ou racistes sur nos sites, applications ou pages de r\u00e9seaux sociaux.<\/p>\n\n\n\n<p><strong>Cinqui\u00e8mement :<\/strong><br>Vous acceptez que nous collections des donn\u00e9es (y compris des donn\u00e9es personnelles) via nos services ou les fonctionnalit\u00e9s que nous utilisons (consultez notre&nbsp;<strong>Politique de Confidentialit\u00e9<\/strong>&nbsp;pour plus de d\u00e9tails).<\/p>\n\n\n\n<h3 class=\"wp-block-heading\"><strong>Pour toute question :<\/strong><\/h3>\n\n\n\n<p>Si vous avez des questions concernant nos conditions d&rsquo;utilisation, contactez-nous \u00e0 l&rsquo;adresse :<br>\ud83d\udce7&nbsp;<strong><a href=\"https:\/\/mailto:legal@recettes.evsroad.com\/\" target=\"_blank\" rel=\"noreferrer noopener\">legal@recettes.evsroad.com<\/a><\/strong><\/p>\n","protected":false},"excerpt":{"rendered":"","protected":false},"author":1,"featured_media":0,"parent":0,"menu_order":0,"comment_status":"closed","ping_status":"closed","template":"","meta":{"footnotes":""},"class_list":{"0":"post-1308","1":"page","2":"type-page","3":"status-publish","5":"no-featured-image-padding"},"_links":{"self":[{"href":"https:\/\/recettes.evsroad.com\/index.php?rest_route=\/wp\/v2\/pages\/1308","targetHints":{"allow":["GET"]}}],"collection":[{"href":"https:\/\/recettes.evsroad.com\/index.php?rest_route=\/wp\/v2\/pages"}],"about":[{"href":"https:\/\/recettes.evsroad.com\/index.php?rest_route=\/wp\/v2\/types\/page"}],"author":[{"embeddable":true,"href":"https:\/\/recettes.evsroad.com\/index.php?rest_route=\/wp\/v2\/users\/1"}],"replies":[{"embeddable":true,"href":"https:\/\/recettes.evsroad.com\/index.php?rest_route=%2Fwp%2Fv2%2Fcomments&post=1308"}],"version-history":[{"count":0,"href":"https:\/\/recettes.evsroad.com\/index.php?rest_route=\/wp\/v2\/pages\/1308\/revisions"}],"wp:attachment":[{"href":"https:\/\/recettes.evsroad.com\/index.php?rest_route=%2Fwp%2Fv2%2Fmedia&parent=1308"}],"curies":[{"name":"wp","href":"https:\/\/api.w.org\/{rel}","templated":true}]}}